{"id":570,"date":"2013-03-25T10:07:34","date_gmt":"2013-03-25T08:07:34","guid":{"rendered":"http:\/\/www.merkur-immobilien.eu\/?page_id=570"},"modified":"2019-12-17T16:34:20","modified_gmt":"2019-12-17T14:34:20","slug":"fur-bautrager","status":"publish","type":"page","link":"https:\/\/www.merkur-berlin.de\/?page_id=570","title":{"rendered":"F\u00dcR BAUTR\u00c4GER"},"content":{"rendered":"<p style=\"text-align: left;\"><span style=\"font-size: x-large;\">Sie sind Bautr\u00e4ger und\/oder Investor und suchen einen\nprofessionellen Vertriebspartner?<\/span><\/p>\n<p style=\"text-align: justify;\"><img decoding=\"async\" loading=\"lazy\" class=\"alignleft wp-image-3541 \" src=\"https:\/\/www.merkur-berlin.de\/wp-content\/uploads\/2019\/12\/Neu-201911_Merkur_008-1-300x219.jpg\" alt=\"\" width=\"360\" height=\"263\" \/><\/p>\n\n<h2><\/h2>\n<h2><\/h2>\n<h2><\/h2>\n<h2><\/h2>\n<h2><\/h2>\n<h2 style=\"text-align: justify;\">Wir sind der richtige Partner:<\/h2>\n<p style=\"text-align: justify;\">Wir haben mit verschiedenen Bautr\u00e4gern mehrere H\u00e4user mit Eigentumswohnungen in Berlin mit geplant, gebaut und verkauft.<\/p>\n\n<h2 style=\"text-align: justify;\">Rund-Um-Dienstleistung<\/h2>\n<p style=\"text-align: justify;\">Diese Praxiserfahrung bieten wir nun Projektentwicklern und Bautr\u00e4gern als \u201eRund-Um-Dienstleitung\u201c an: Wir suchen nach dem passenden Grundst\u00fcck, planen die Wohnungsgrundrisse und -ausstattung verkaufsorientiert mit und verkaufen die einzelnen Einheiten bzw. das Haus als Ganzes.<\/p>\n\n<h2 style=\"text-align: justify;\">Marktkenntnis, Erfahrung und Engagement<\/h2>\n<p style=\"text-align: justify;\">Um den gew\u00fcnschten Projekterfolg sicherzustellen, liefern wir Ihnen den entscheidenden Mix aus Marktkenntnis, Erfahrung und Engagement in Verbindung mit einem gewachsenen Netzwerk lokaler Beziehungen.<\/p>\n\n<h2 style=\"text-align: justify;\">Dienstleistung von A \u2013 Z<\/h2>\n<p style=\"text-align: justify;\">Mit dieser \u201eDienstleistung von A \u2013 Z\u201c haben wir uns bereits bei diversen Projektentwicklern, Bauherren und Eigent\u00fcmern einen sehr guten Namen gemacht. Diese sch\u00e4tzen unsere fachkundige Beratung durch langj\u00e4hrige Praxiserfahrung, unser Engagement, das schnelle und effiziente Handeln, die unkomplizierte Zusammenarbeit und nat\u00fcrlich das erfolgreiche Ergebnis:<\/p>\n\n<h2 style=\"text-align: justify;\">Den schnellstm\u00f6glichen Verkauf zum bestm\u00f6glichen Preis!<\/h2>\n<p style=\"text-align: justify;\">Gern er\u00f6rtern wir mit Ihnen die M\u00f6glichkeiten f\u00fcr eine erfolgreiche und vertrauensvolle Zusammenarbeit in einem pers\u00f6nlichen Gespr\u00e4ch und freuen uns auf Ihre Kontaktaufnahme!<\/p>\n\n<h2 style=\"text-align: justify;\"><a href=\"http:\/\/www.merkur-berlin.de\/?page_id=124\">Kontakt<\/a><\/h2>","protected":false},"excerpt":{"rendered":"Sie sind Bautr\u00e4ger und\/oder Investor und suchen einen professionellen Vertriebspartner? Wir sind der richtige Partner: Wir haben mit verschiedenen Bautr\u00e4gern mehrere H\u00e4user mit Eigentumswohnungen in Berlin mit geplant, gebaut und verkauft. Rund-Um-Dienstleistung Diese Praxiserfahrung bieten wir nun Projektentwicklern und Bautr\u00e4gern &hellip; <a href=\"https:\/\/www.merkur-berlin.de\/?page_id=570\">Continue reading <span class=\"meta-nav\">&rarr;<\/span><\/a>","protected":false},"author":1,"featured_media":0,"parent":0,"menu_order":0,"comment_status":"closed","ping_status":"closed","template":"Seitenansicht.php","meta":{"_links_to":"","_links_to_target":""},"aioseo_notices":[],"_links":{"self":[{"href":"https:\/\/www.merkur-berlin.de\/index.php?rest_route=\/wp\/v2\/pages\/570"}],"collection":[{"href":"https:\/\/www.merkur-berlin.de\/index.php?rest_route=\/wp\/v2\/pages"}],"about":[{"href":"https:\/\/www.merkur-berlin.de\/index.php?rest_route=\/wp\/v2\/types\/page"}],"author":[{"embeddable":true,"href":"https:\/\/www.merkur-berlin.de\/index.php?rest_route=\/wp\/v2\/users\/1"}],"replies":[{"embeddable":true,"href":"https:\/\/www.merkur-berlin.de\/index.php?rest_route=%2Fwp%2Fv2%2Fcomments&post=570"}],"version-history":[{"count":0,"href":"https:\/\/www.merkur-berlin.de\/index.php?rest_route=\/wp\/v2\/pages\/570\/revisions"}],"wp:attachment":[{"href":"https:\/\/www.merkur-berlin.de\/index.php?rest_route=%2Fwp%2Fv2%2Fmedia&parent=570"}],"curies":[{"name":"wp","href":"https:\/\/api.w.org\/{rel}","templated":true}]}}