{"id":20,"date":"2013-03-12T12:05:18","date_gmt":"2013-03-12T10:05:18","guid":{"rendered":"http:\/\/www.merkur-immobilien.eu\/?page_id=20"},"modified":"2023-10-15T18:22:43","modified_gmt":"2023-10-15T16:22:43","slug":"partner","status":"publish","type":"page","link":"https:\/\/www.merkur-berlin.de\/?page_id=20","title":{"rendered":"PARTNER"},"content":{"rendered":"<span style=\"font-family: arial,helvetica,sans-serif; font-size: x-large;\">Hier sehen Sie einige unserer Auftraggeber:<\/span>\n<table class=\" aligncenter\" style=\"width: 640px; height: 3361px;\" border=\"0\">\n<tbody>\n<tr style=\"height: 214px;\">\n<td style=\"width: 206.563px; height: 214px;\" align=\"center\" valign=\"top\">\u00a0\u00a0<img decoding=\"async\" loading=\"lazy\" class=\"alignleft size-medium wp-image-3353\" src=\"http:\/\/www.merkur-berlin.de\/wp-content\/uploads\/2018\/04\/Omnia-Logo-300x140.jpg\" alt=\"\" width=\"300\" height=\"140\" \/><\/td>\n<td style=\"width: 335.653px; height: 214px;\">\n<h2 style=\"text-align: left;\">OMNIA HAUSVERWALTUNG GmbH<\/h2>\n<p style=\"text-align: left;\">Die OMNIA\u00a0HAUSVERWALTUNG GmbH ist ein kompetenter und erfahrener Partner, wenn es um die Verwaltung und Entwicklung Ihres Immobilieneigentums geht.<\/p>\n<p style=\"text-align: left;\"><a href=\"http:\/\/www.omnia-hausverwaltung.de\/\" target=\"_blank\" rel=\"noopener noreferrer\">http:\/\/www.omnia-hausverwaltung.de\/<\/a><\/p>\n<\/td>\n<\/tr>\n<tr style=\"height: 262px;\">\n<td style=\"width: 206.563px; height: 262px;\" align=\"center\" valign=\"top\"><img decoding=\"async\" loading=\"lazy\" class=\"size-medium wp-image-3378 aligncenter\" src=\"http:\/\/www.merkur-berlin.de\/wp-content\/uploads\/2018\/04\/Valea-Logo-300x152.jpg\" alt=\"\" width=\"300\" height=\"152\" \/><\/td>\n<td style=\"width: 335.653px; height: 262px;\">\n<h2 style=\"text-align: left;\">VALEA Verm\u00f6gensverwaltung GmbH<\/h2>\n<p style=\"text-align: left;\">Die VALEA Verm\u00f6gensverwaltung GmbH bietet als unabh\u00e4ngige Verm\u00f6gensverwaltung privaten und institutionellen Anlegern individuelle und unabh\u00e4ngige Beratung zu Geldanlagen und die Verwaltung Ihres Verm\u00f6gens.<\/p>\n<p style=\"text-align: left;\"><a href=\"https:\/\/www.valea-berlin.de\/\" target=\"_blank\" rel=\"noopener noreferrer\">http:\/\/www.valea-berlin.de\/<\/a><\/p>\n<\/td>\n<\/tr>\n<tr style=\"height: 262px;\">\n<td style=\"width: 206.563px; height: 262px;\" align=\"center\" valign=\"top\"><\/td>\n<td style=\"width: 335.653px; height: 262px;\">\n<h2 style=\"text-align: left;\">ETTLIN AG<\/h2>\n<p style=\"text-align: left;\">Die ETTLIN Gesellschaft f\u00fcr Spinnerei u. Weberei AG hat bereits in den in den Jahren ab 1975 in Ettlingen und ab 2000 in Berlin nicht mehr selbst ben\u00f6tigte Lager- Produktions- und B\u00fcrofl\u00e4chen vermietet.<\/p>\n<p style=\"text-align: left;\"><a href=\"https:\/\/www.ettlin.de\">https:\/\/www.ettlin.de<\/a><\/p>\n<\/td>\n<\/tr>\n<tr style=\"height: 262px;\">\n<td style=\"width: 206.563px; height: 262px;\" align=\"center\" valign=\"top\">\n<h2><a href=\"http:\/\/www.merkur-berlin.de\/wp-content\/uploads\/2013\/03\/maikowski.png\"><img decoding=\"async\" loading=\"lazy\" class=\"size-full wp-image-592 alignleft\" src=\"http:\/\/www.merkur-berlin.de\/wp-content\/uploads\/2013\/03\/maikowski.png\" alt=\"maikowski\" width=\"203\" height=\"51\" \/><\/a><\/h2>\n<\/td>\n<td style=\"width: 335.653px; text-align: justify; height: 262px;\">\n<h2 style=\"text-align: left;\">MAIKOWSKI &amp; ALSCHER<\/h2>\n<p style=\"text-align: left;\">Verwaltet etwa 1.600 Miet- und Eigentumswohnungen und Gewerbeeinheiten in ca. 45 H\u00e4usern. Mandanten sind Privateigent\u00fcmer von Mieth\u00e4usern, Wohnungseigent\u00fcmergemeinschaften oder Grundst\u00fccksgesellschaften in unterschiedlichen Rechtsformen wie GbR, KG oder gemeinn\u00fctzigen Vereinen.<\/p>\n<p style=\"text-align: left;\"><a href=\"https:\/\/www.maikoal.de\">https:\/\/www.maikoal.de<\/a><\/p>\n<\/td>\n<\/tr>\n<\/tbody>\n<\/table>\n<!--nextpage-->\n\n<span style=\"font-family: arial,helvetica,sans-serif; font-size: x-large;\">Hier sehen Sie einige unserer Partner:<\/span>\n<table style=\"width: 639px;\">\n<tbody>\n<tr>\n<td style=\"width: 268.057px;\">\u00a0<img decoding=\"async\" loading=\"lazy\" class=\"size-medium wp-image-3372 aligncenter\" src=\"http:\/\/www.merkur-berlin.de\/wp-content\/uploads\/2018\/04\/Schick-Logo-300x120.jpg\" alt=\"\" width=\"300\" height=\"120\" \/><\/td>\n<td style=\"width: 272.943px;\">\n<h2>MICHAEL SCHICK IMMOBILIEN GmbH &amp; Co. KG<\/h2>\nEin f\u00fchrendes Investment-Maklerunternehmen mit Sitz in Berlin.<\/td>\n<\/tr>\n<tr>\n<td style=\"width: 268.057px;\">\u00a0<img decoding=\"async\" loading=\"lazy\" class=\"size-full wp-image-3367 aligncenter\" src=\"http:\/\/www.merkur-berlin.de\/wp-content\/uploads\/2018\/04\/Logo-Immexa.png\" alt=\"\" width=\"258\" height=\"112\" \/><\/td>\n<td style=\"width: 272.943px;\">\n<h2>IMMEXA<\/h2>\nDie immobilien-experten-ag ist ein Fachunternehmen f\u00fcr Projektentwicklung und Asset Management.<\/td>\n<\/tr>\n<tr>\n<td style=\"width: 268.057px;\">\u00a0<img decoding=\"async\" loading=\"lazy\" class=\"size-full wp-image-3370 aligncenter\" src=\"http:\/\/www.merkur-berlin.de\/wp-content\/uploads\/2018\/04\/insitu_logo.png\" alt=\"\" width=\"220\" height=\"165\" \/><\/td>\n<td style=\"width: 272.943px;\">\n<h2>INSITU Immobilien Konzepte GmbH<\/h2>\nvermarktet Wohnimmobilien in Berlin.<\/td>\n<\/tr>\n<tr>\n<td style=\"width: 268.057px;\">\u00a0<img decoding=\"async\" loading=\"lazy\" class=\"size-full wp-image-3371 aligncenter\" src=\"http:\/\/www.merkur-berlin.de\/wp-content\/uploads\/2018\/04\/Audi-City-Logo.jpg\" alt=\"\" width=\"156\" height=\"65\" \/><\/td>\n<td style=\"width: 272.943px;\">\n<h2>\u00a0Audi City Berlin<\/h2>\nDer erste Flagship-Store von Audi im Herzen der Hauptstadt.<\/td>\n<\/tr>\n<tr>\n<td style=\"width: 268.057px;\">\u00a0<img decoding=\"async\" loading=\"lazy\" class=\"size-full wp-image-3368 aligncenter\" src=\"http:\/\/www.merkur-berlin.de\/wp-content\/uploads\/2018\/04\/logo_manske.gif\" alt=\"\" width=\"171\" height=\"142\" \/><\/td>\n<td style=\"width: 272.943px;\">\n<h2>MANSKE<\/h2>\nRechtsanw\u00e4lte &amp; Steuerberater<\/td>\n<\/tr>\n<tr>\n<td style=\"width: 268.057px;\">\u00a0<img decoding=\"async\" loading=\"lazy\" class=\"size-full wp-image-3373 aligncenter\" src=\"http:\/\/www.merkur-berlin.de\/wp-content\/uploads\/2018\/04\/Wollmann-Logo.jpg\" alt=\"\" width=\"285\" height=\"72\" \/><\/td>\n<td style=\"width: 272.943px;\">\n<h2 class=\"banner-headline\">WOLLMANN &amp; PARTNER RECHTSANW\u00c4LTE\u00a0mbB<\/h2>\nSeit \u00fcber 95 Jahren in allen Bereichen des Immobilienwirtschaftsrechts und des Baurechts spezialisiert.<\/td>\n<\/tr>\n<tr>\n<td style=\"width: 268.057px;\"><\/td>\n<td style=\"width: 272.943px;\">\n<h2><span class=\"diyfeDecoration\">Markus Duhrke Rechtsanw\u00e4lte<\/span><\/h2>\n<\/td>\n<\/tr>\n<tr>\n<td style=\"width: 268.057px;\"><\/td>\n<td style=\"width: 272.943px;\">\n<h2>HEIKE L. HAMM PERSONALBERATUNG<\/h2>\n<\/td>\n<\/tr>\n<\/tbody>\n<\/table>","protected":false},"excerpt":{"rendered":"Hier sehen Sie einige unserer Auftraggeber: \u00a0\u00a0 OMNIA HAUSVERWALTUNG GmbH Die OMNIA\u00a0HAUSVERWALTUNG GmbH ist ein kompetenter und erfahrener Partner, wenn es um die Verwaltung und Entwicklung Ihres Immobilieneigentums geht. http:\/\/www.omnia-hausverwaltung.de\/ VALEA Verm\u00f6gensverwaltung GmbH Die VALEA Verm\u00f6gensverwaltung GmbH bietet als unabh\u00e4ngige &hellip; <a href=\"https:\/\/www.merkur-berlin.de\/?page_id=20\">Continue reading <span class=\"meta-nav\">&rarr;<\/span><\/a>","protected":false},"author":1,"featured_media":0,"parent":0,"menu_order":0,"comment_status":"closed","ping_status":"closed","template":"Seitenansicht.php","meta":{"_links_to":"","_links_to_target":""},"aioseo_notices":[],"_links":{"self":[{"href":"https:\/\/www.merkur-berlin.de\/index.php?rest_route=\/wp\/v2\/pages\/20"}],"collection":[{"href":"https:\/\/www.merkur-berlin.de\/index.php?rest_route=\/wp\/v2\/pages"}],"about":[{"href":"https:\/\/www.merkur-berlin.de\/index.php?rest_route=\/wp\/v2\/types\/page"}],"author":[{"embeddable":true,"href":"https:\/\/www.merkur-berlin.de\/index.php?rest_route=\/wp\/v2\/users\/1"}],"replies":[{"embeddable":true,"href":"https:\/\/www.merkur-berlin.de\/index.php?rest_route=%2Fwp%2Fv2%2Fcomments&post=20"}],"version-history":[{"count":1,"href":"https:\/\/www.merkur-berlin.de\/index.php?rest_route=\/wp\/v2\/pages\/20\/revisions"}],"predecessor-version":[{"id":3630,"href":"https:\/\/www.merkur-berlin.de\/index.php?rest_route=\/wp\/v2\/pages\/20\/revisions\/3630"}],"wp:attachment":[{"href":"https:\/\/www.merkur-berlin.de\/index.php?rest_route=%2Fwp%2Fv2%2Fmedia&parent=20"}],"curies":[{"name":"wp","href":"https:\/\/api.w.org\/{rel}","templated":true}]}}